{"id":28,"date":"2024-08-04T09:24:44","date_gmt":"2024-08-04T09:24:44","guid":{"rendered":"https:\/\/beringpetersen.dk\/?page_id=28"},"modified":"2025-07-04T18:04:09","modified_gmt":"2025-07-04T18:04:09","slug":"velkommen-til-vores-lille-blog","status":"publish","type":"page","link":"https:\/\/beringpetersen.dk\/","title":{"rendered":"Velkommen til vores lille blog"},"content":{"rendered":"\n<p>Vi h\u00e5ber I vil hygge jer med at se nogle af vores &#8220;undervisningsvideoer&#8221; &#8211; vi har i hvert fald hygget os med at lave dem.<\/p>\n\n\n\n<p>Under de enkelte opslag er I meget velkomne til at efterlade en lille kommentar, forslag til hvad I godt kunne t\u00e6nke jer at se n\u00e6ste gang etc.<\/p>\n\n\n\n<p>Rigtig god forn\u00f8jelse!<\/p>\n\n\n\n<p>K\u00e6rlig hilsen<\/p>\n\n\n\n<p>Kayski og Johanski<\/p>\n\n\n\n<p>Nyd vores velkomst video her:<\/p>\n\n\n\n<figure class=\"wp-block-embed is-type-video is-provider-youtube wp-block-embed-youtube wp-embed-aspect-4-3 wp-has-aspect-ratio\"><div class=\"wp-block-embed__wrapper\">\n<iframe loading=\"lazy\" title=\"Screenrecorder 2024 07 28 15 17 07 20\" width=\"500\" height=\"375\" src=\"https:\/\/www.youtube.com\/embed\/tov0fyGt064?feature=oembed\" frameborder=\"0\" allow=\"accelerometer; autoplay; clipboard-write; encrypted-media; gyroscope; picture-in-picture; web-share\" referrerpolicy=\"strict-origin-when-cross-origin\" allowfullscreen><\/iframe>\n<\/div><\/figure>\n\n\n\n<p>Der kommer snart mange flere videoer!<\/p>\n\n\n\n<figure class=\"wp-block-video\"><video height=\"1080\" style=\"aspect-ratio: 1920 \/ 1080;\" width=\"1920\" controls src=\"https:\/\/beringpetersen.dk\/wp-content\/uploads\/2025\/07\/VID_20250614_075555.mp4\"><\/video><\/figure>\n\n\n\n<p>H\u00e5ber I nyder nedenst\u00e5ende intro video med min far.<\/p>\n\n\n\n<p><\/p>\n","protected":false},"excerpt":{"rendered":"<p>Vi h\u00e5ber I vil hygge jer med at se nogle af vores &#8220;undervisningsvideoer&#8221; &#8211; vi har i hvert fald hygget os med at lave dem. Under de enkelte opslag er I meget velkomne til at efterlade en lille kommentar, forslag til hvad I godt kunne t\u00e6nke jer at se n\u00e6ste gang etc. Rigtig god forn\u00f8jelse! [&hellip;]<\/p>\n","protected":false},"author":1,"featured_media":0,"parent":0,"menu_order":0,"comment_status":"closed","ping_status":"closed","template":"","meta":{"footnotes":""},"class_list":["post-28","page","type-page","status-publish","hentry"],"_links":{"self":[{"href":"https:\/\/beringpetersen.dk\/index.php?rest_route=\/wp\/v2\/pages\/28","targetHints":{"allow":["GET"]}}],"collection":[{"href":"https:\/\/beringpetersen.dk\/index.php?rest_route=\/wp\/v2\/pages"}],"about":[{"href":"https:\/\/beringpetersen.dk\/index.php?rest_route=\/wp\/v2\/types\/page"}],"author":[{"embeddable":true,"href":"https:\/\/beringpetersen.dk\/index.php?rest_route=\/wp\/v2\/users\/1"}],"replies":[{"embeddable":true,"href":"https:\/\/beringpetersen.dk\/index.php?rest_route=%2Fwp%2Fv2%2Fcomments&post=28"}],"version-history":[{"count":6,"href":"https:\/\/beringpetersen.dk\/index.php?rest_route=\/wp\/v2\/pages\/28\/revisions"}],"predecessor-version":[{"id":62,"href":"https:\/\/beringpetersen.dk\/index.php?rest_route=\/wp\/v2\/pages\/28\/revisions\/62"}],"wp:attachment":[{"href":"https:\/\/beringpetersen.dk\/index.php?rest_route=%2Fwp%2Fv2%2Fmedia&parent=28"}],"curies":[{"name":"wp","href":"https:\/\/api.w.org\/{rel}","templated":true}]}}